{"id":583,"date":"2025-01-14T18:20:51","date_gmt":"2025-01-14T21:20:51","guid":{"rendered":"https:\/\/whiskybravo.com.ar\/?post_type=product&#038;p=583"},"modified":"2026-03-04T15:14:00","modified_gmt":"2026-03-04T18:14:00","slug":"operador-de-rampa-y-senalero-de-aerodromo","status":"publish","type":"product","link":"https:\/\/whiskybravo.com.ar\/index.php\/producto\/operador-de-rampa-y-senalero-de-aerodromo\/","title":{"rendered":"Operador de rampa y Se\u00f1alero de aerodromo"},"content":{"rendered":"<p>Este curso est\u00e1 dise\u00f1ado para formar profesionales en operaciones esenciales para la asistencia en tierra en aeropuertos. Aprender\u00e1s a realizar tareas de se\u00f1alizaci\u00f3n, guiado de aeronaves y manejo seguro de equipos en rampa, garantizando la eficiencia y seguridad en cada operaci\u00f3n. Est\u00e1 dirigido a personas interesadas en ingresar al mundo de la aviaci\u00f3n o perfeccionar sus habilidades en este sector clave. \u00a1Prep\u00e1rate para una carrera din\u00e1mica en la industria aeron\u00e1utica!<\/p>\n","protected":false},"excerpt":{"rendered":"<p>\u27a1\ufe0f Las clases tienen un sistema hibrido, se dictaran por la plataforma Zoom y de manera presencial, el alumno elije.<\/p>\n<p>\ud83d\udd38Fechas y horarios:<br \/>\n\u2022\u2060 \u2060Inicio: 11 de Febrero de 2025.<br \/>\n\u2022\u2060 \u2060Finalizaci\u00f3n: 16 de Abril 2025(estimativo).<br \/>\n\u2022\u2060 \u2060Martes y jueves de 17:00 a 21:00 hs.<\/p>\n<p>\ud83d\udd38Requisitos de admisi\u00f3n:<br \/>\n\u2022\u2060 \u2060Estudios secundarios completos<br \/>\n\u2022\u2060 \u2060Edad m\u00ednima: 18 a\u00f1os.<\/p>\n<p>\ud83d\udd38 PRESENTAR DIGITALMENTE:<br \/>\n\u2022\u2060 \u2060Foto del DNI de ambos lados.<br \/>\n\u2022\u2060 \u2060Foto del Certificado de Estudios Secundarios de ambos lados.<\/p>\n<p>\ud83d\udd38CONTENIDO:<br \/>\n1.\u2060 \u2060Legislaci\u00f3n y documentaci\u00f3n aeron\u00e1utica<br \/>\n2.\u2060 \u2060Materiales y equipos<br \/>\n3.\u2060 \u2060Operaci\u00f3n de Equipos<br \/>\n4.\u2060 \u2060Prevenci\u00f3n de accidentes<\/p>\n","protected":false},"featured_media":442,"comment_status":"open","ping_status":"closed","template":"","meta":[],"product_brand":[],"product_cat":[78],"product_tag":[],"class_list":{"0":"post-583","1":"product","2":"type-product","3":"status-publish","4":"has-post-thumbnail","6":"product_cat-operadorderampaysenalero","8":"first","9":"instock","10":"product-type-simple"},"_links":{"self":[{"href":"https:\/\/whiskybravo.com.ar\/index.php\/wp-json\/wp\/v2\/product\/583","targetHints":{"allow":["GET"]}}],"collection":[{"href":"https:\/\/whiskybravo.com.ar\/index.php\/wp-json\/wp\/v2\/product"}],"about":[{"href":"https:\/\/whiskybravo.com.ar\/index.php\/wp-json\/wp\/v2\/types\/product"}],"replies":[{"embeddable":true,"href":"https:\/\/whiskybravo.com.ar\/index.php\/wp-json\/wp\/v2\/comments?post=583"}],"wp:featuredmedia":[{"embeddable":true,"href":"https:\/\/whiskybravo.com.ar\/index.php\/wp-json\/wp\/v2\/media\/442"}],"wp:attachment":[{"href":"https:\/\/whiskybravo.com.ar\/index.php\/wp-json\/wp\/v2\/media?parent=583"}],"wp:term":[{"taxonomy":"product_brand","embeddable":true,"href":"https:\/\/whiskybravo.com.ar\/index.php\/wp-json\/wp\/v2\/product_brand?post=583"},{"taxonomy":"product_cat","embeddable":true,"href":"https:\/\/whiskybravo.com.ar\/index.php\/wp-json\/wp\/v2\/product_cat?post=583"},{"taxonomy":"product_tag","embeddable":true,"href":"https:\/\/whiskybravo.com.ar\/index.php\/wp-json\/wp\/v2\/product_tag?post=583"}],"curies":[{"name":"wp","href":"https:\/\/api.w.org\/{rel}","templated":true}]}}