{"id":586,"date":"2025-01-14T18:24:22","date_gmt":"2025-01-14T21:24:22","guid":{"rendered":"https:\/\/whiskybravo.com.ar\/?post_type=product&#038;p=586"},"modified":"2026-01-15T17:36:35","modified_gmt":"2026-01-15T20:36:35","slug":"despachante-de-aeronaves","status":"publish","type":"product","link":"https:\/\/whiskybravo.com.ar\/index.php\/producto\/despachante-de-aeronaves\/","title":{"rendered":"Despachante de aeronaves"},"content":{"rendered":"<p>Este curso te capacitar\u00e1 para planificar, coordinar y supervisar las operaciones de vuelo de manera eficiente y segura. Aprender\u00e1s a realizar c\u00e1lculos de peso y balance, planificar rutas, analizar condiciones meteorol\u00f3gicas y coordinar con las tripulaciones y el control de tr\u00e1fico a\u00e9reo. Ideal para quienes buscan una carrera clave en la aviaci\u00f3n, con un rol estrat\u00e9gico en la operaci\u00f3n diaria de aeronaves. \u00a1Convi\u00e9rtete en un experto en log\u00edstica y operaciones a\u00e9reas!<\/p>\n","protected":false},"excerpt":{"rendered":"<p>\u2705T\u00edtulo avalado por ANAC(Administraci\u00f3n Nacional de Aviaci\u00f3n Civil).<br \/>\n\u27a1\ufe0f Las clases tendr\u00e1n un sistema h\u00edbrido, se dictaran por la plataforma Zoom y de ma.nera presencial en simult\u00e1neo, el alumno elige la modalidad que prefiere.<\/p>\n<p>\ud83d\udd38FECHAS:<br \/>\n\u2022\u2060 \u2060Inicio: 22 de Abril de 2025.<br \/>\n\u2022\u2060 \u2060Finalizaci\u00f3n: 17 de Diciembre de 2025(estimativo).<br \/>\n\u2022\u2060 \u2060Horarios: Martes y Miercoles de 17:00 a 21:00 hs.<\/p>\n<p>\ud83d\udd38REQUISITOS de ADMISI\u00d3N<br \/>\n\u2022\u2060 \u2060Estudios Secundarios completos al iniciar el curso.<br \/>\n\u2022\u2060 \u2060Edad m\u00ednima: 19 a\u00f1os cumplidos al terminar el curso(sin l\u00edmite de edad).<\/p>\n<p>\ud83d\udd38 PRESENTAR DIGITALMENTE:<br \/>\n\u2022\u2060 \u2060Foto del DNI de ambos lados.<br \/>\n\u2022\u2060 \u2060Foto del Certificado de Estudios Secundarios de ambos lados.<\/p>\n","protected":false},"featured_media":439,"comment_status":"open","ping_status":"closed","template":"","meta":[],"product_brand":[],"product_cat":[68],"product_tag":[],"class_list":{"0":"post-586","1":"product","2":"type-product","3":"status-publish","4":"has-post-thumbnail","6":"product_cat-despachantedeaeronaves","8":"first","9":"outofstock","10":"product-type-variable"},"_links":{"self":[{"href":"https:\/\/whiskybravo.com.ar\/index.php\/wp-json\/wp\/v2\/product\/586","targetHints":{"allow":["GET"]}}],"collection":[{"href":"https:\/\/whiskybravo.com.ar\/index.php\/wp-json\/wp\/v2\/product"}],"about":[{"href":"https:\/\/whiskybravo.com.ar\/index.php\/wp-json\/wp\/v2\/types\/product"}],"replies":[{"embeddable":true,"href":"https:\/\/whiskybravo.com.ar\/index.php\/wp-json\/wp\/v2\/comments?post=586"}],"wp:featuredmedia":[{"embeddable":true,"href":"https:\/\/whiskybravo.com.ar\/index.php\/wp-json\/wp\/v2\/media\/439"}],"wp:attachment":[{"href":"https:\/\/whiskybravo.com.ar\/index.php\/wp-json\/wp\/v2\/media?parent=586"}],"wp:term":[{"taxonomy":"product_brand","embeddable":true,"href":"https:\/\/whiskybravo.com.ar\/index.php\/wp-json\/wp\/v2\/product_brand?post=586"},{"taxonomy":"product_cat","embeddable":true,"href":"https:\/\/whiskybravo.com.ar\/index.php\/wp-json\/wp\/v2\/product_cat?post=586"},{"taxonomy":"product_tag","embeddable":true,"href":"https:\/\/whiskybravo.com.ar\/index.php\/wp-json\/wp\/v2\/product_tag?post=586"}],"curies":[{"name":"wp","href":"https:\/\/api.w.org\/{rel}","templated":true}]}}