{"id":596,"date":"2025-01-14T19:07:11","date_gmt":"2025-01-14T22:07:11","guid":{"rendered":"https:\/\/whiskybravo.com.ar\/?post_type=product&#038;p=596"},"modified":"2026-02-27T15:53:15","modified_gmt":"2026-02-27T18:53:15","slug":"habilitacion-combate-contra-incendios-avion-helicoptero","status":"publish","type":"product","link":"https:\/\/whiskybravo.com.ar\/index.php\/producto\/habilitacion-combate-contra-incendios-avion-helicoptero\/","title":{"rendered":"Habilitacion Combate contra incendios Avion \/ Helicoptero"},"content":{"rendered":"<p>Este curso especializado te capacita para operar en misiones de combate a\u00e9reo contra incendios, utilizando aviones o helic\u00f3pteros. Aprender\u00e1s sobre t\u00e1cticas de extinci\u00f3n, coordinaci\u00f3n con equipos terrestres, evaluaci\u00f3n de \u00e1reas afectadas, y operaci\u00f3n segura en condiciones extremas. Ideal para pilotos que deseen formar parte de brigadas a\u00e9reas y contribuir a la protecci\u00f3n del medio ambiente y comunidades. \u00a1Convertite en un aliado clave en la lucha contra incendios desde el aire!<\/p>\n","protected":false},"excerpt":{"rendered":"<p>\ud83d\udd36 TE\u00d3RICO:<br \/>\nFechas: 17, 18, 19 y 20 de Abril de 2025.<br \/>\nHorario: 9:00 a 17:00 hs.<\/p>\n<p>\ud83d\udd36 REQUISITOS DE ADMISI\u00d3N:<br \/>\n\u00b7 Secundario completo.<br \/>\n\u00b7 Licencia Piloto Comercial de Avi\u00f3n con 600 hs. o Licencia de Piloto Comercial de Helic\u00f3ptero con 500 hs.<br \/>\n\u00b7 Fotocopia de DNI, Secundario, licencia PC y libro de vuelo.<\/p>\n<p>Costos extras del examen Practico: a confirmar.<br \/>\n\u25cf Arancel de licencia Lucha Contra Incendios<br \/>\n\u25cf Foliado<br \/>\n\u25cf Derecho de examen<br \/>\n\u25cf Tiempo de vuelo del examen (Dependiendo del inspector el avi\u00f3n en cual se rinda ya sea aeronave espec\u00edfica o en Cessna 150).<\/p>\n","protected":false},"featured_media":444,"comment_status":"open","ping_status":"closed","template":"","meta":[],"product_brand":[],"product_cat":[81],"product_tag":[],"class_list":{"0":"post-596","1":"product","2":"type-product","3":"status-publish","4":"has-post-thumbnail","6":"product_cat-combate-contra-incendios","8":"first","9":"instock","10":"virtual","11":"product-type-simple"},"_links":{"self":[{"href":"https:\/\/whiskybravo.com.ar\/index.php\/wp-json\/wp\/v2\/product\/596","targetHints":{"allow":["GET"]}}],"collection":[{"href":"https:\/\/whiskybravo.com.ar\/index.php\/wp-json\/wp\/v2\/product"}],"about":[{"href":"https:\/\/whiskybravo.com.ar\/index.php\/wp-json\/wp\/v2\/types\/product"}],"replies":[{"embeddable":true,"href":"https:\/\/whiskybravo.com.ar\/index.php\/wp-json\/wp\/v2\/comments?post=596"}],"wp:featuredmedia":[{"embeddable":true,"href":"https:\/\/whiskybravo.com.ar\/index.php\/wp-json\/wp\/v2\/media\/444"}],"wp:attachment":[{"href":"https:\/\/whiskybravo.com.ar\/index.php\/wp-json\/wp\/v2\/media?parent=596"}],"wp:term":[{"taxonomy":"product_brand","embeddable":true,"href":"https:\/\/whiskybravo.com.ar\/index.php\/wp-json\/wp\/v2\/product_brand?post=596"},{"taxonomy":"product_cat","embeddable":true,"href":"https:\/\/whiskybravo.com.ar\/index.php\/wp-json\/wp\/v2\/product_cat?post=596"},{"taxonomy":"product_tag","embeddable":true,"href":"https:\/\/whiskybravo.com.ar\/index.php\/wp-json\/wp\/v2\/product_tag?post=596"}],"curies":[{"name":"wp","href":"https:\/\/api.w.org\/{rel}","templated":true}]}}