{"id":600,"date":"2025-01-14T19:16:53","date_gmt":"2025-01-14T22:16:53","guid":{"rendered":"https:\/\/whiskybravo.com.ar\/?post_type=product&#038;p=600"},"modified":"2026-02-27T15:51:26","modified_gmt":"2026-02-27T18:51:26","slug":"agente-de-trafico-check-in","status":"publish","type":"product","link":"https:\/\/whiskybravo.com.ar\/index.php\/producto\/agente-de-trafico-check-in\/","title":{"rendered":"Agente de trafico &#8211; Check In"},"content":{"rendered":"<p>Este curso te prepara para desempe\u00f1arte en uno de los roles clave en el sector aeroportuario: la atenci\u00f3n al pasajero. Aprender\u00e1s a realizar el check-in, gestionar documentaci\u00f3n de viaje, coordinar embarques, y brindar un servicio al cliente de excelencia. Adem\u00e1s, adquirir\u00e1s conocimientos en normativas de seguridad y procedimientos operativos en aeropuertos. Ideal para quienes buscan iniciar una carrera din\u00e1mica en la aviaci\u00f3n comercial. \u00a1Dale la bienvenida a los pasajeros y s\u00e9 el primer contacto en su experiencia de vuelo!<\/p>\n","protected":false},"excerpt":{"rendered":"<p>\u27a1\ufe0f Las clases se dictaran de forma online por la plataforma Zoom.<\/p>\n<p>\ud83d\udd38 FECHAS Y HORARIOS:<br \/>\n\u2022\u2060 \u2060Inicio: 15 de Junio de 2026.<br \/>\n\u2022\u2060 \u2060Finalizaci\u00f3n: 3 de Agosto de 2026.<br \/>\n\u2022\u2060 \u2060Cursado: Lunes Mi\u00e9rcoles y Viernes de 17:00 a 21:00 hs<\/p>\n<p>\ud83d\udd38 REQUISITOS de ADMISI\u00d3N:<br \/>\n\u2022\u2060 \u2060Estudios Secundarios completos al iniciar el curso.<br \/>\n\u2022\u2060 \u2060Edad m\u00ednima: 18 a\u00f1os cumplidos al terminar el curso(sin limite de edad).<\/p>\n<p>\ud83d\udd38 OBJETIVO DEL CURSO:<br \/>\nCapacitar al alumno en atenci\u00f3n al cliente, ventas y todo lo relacionado al Check-in para satisfacer las demandas de las lineas a\u00e9reas.<\/p>\n","protected":false},"featured_media":441,"comment_status":"open","ping_status":"closed","template":"","meta":[],"product_brand":[],"product_cat":[82],"product_tag":[],"class_list":{"0":"post-600","1":"product","2":"type-product","3":"status-publish","4":"has-post-thumbnail","6":"product_cat-check-in","8":"first","9":"outofstock","10":"product-type-variable"},"_links":{"self":[{"href":"https:\/\/whiskybravo.com.ar\/index.php\/wp-json\/wp\/v2\/product\/600","targetHints":{"allow":["GET"]}}],"collection":[{"href":"https:\/\/whiskybravo.com.ar\/index.php\/wp-json\/wp\/v2\/product"}],"about":[{"href":"https:\/\/whiskybravo.com.ar\/index.php\/wp-json\/wp\/v2\/types\/product"}],"replies":[{"embeddable":true,"href":"https:\/\/whiskybravo.com.ar\/index.php\/wp-json\/wp\/v2\/comments?post=600"}],"wp:featuredmedia":[{"embeddable":true,"href":"https:\/\/whiskybravo.com.ar\/index.php\/wp-json\/wp\/v2\/media\/441"}],"wp:attachment":[{"href":"https:\/\/whiskybravo.com.ar\/index.php\/wp-json\/wp\/v2\/media?parent=600"}],"wp:term":[{"taxonomy":"product_brand","embeddable":true,"href":"https:\/\/whiskybravo.com.ar\/index.php\/wp-json\/wp\/v2\/product_brand?post=600"},{"taxonomy":"product_cat","embeddable":true,"href":"https:\/\/whiskybravo.com.ar\/index.php\/wp-json\/wp\/v2\/product_cat?post=600"},{"taxonomy":"product_tag","embeddable":true,"href":"https:\/\/whiskybravo.com.ar\/index.php\/wp-json\/wp\/v2\/product_tag?post=600"}],"curies":[{"name":"wp","href":"https:\/\/api.w.org\/{rel}","templated":true}]}}