{"id":603,"date":"2025-01-15T13:26:05","date_gmt":"2025-01-15T16:26:05","guid":{"rendered":"https:\/\/whiskybravo.com.ar\/?post_type=product&#038;p=603"},"modified":"2026-02-27T15:52:47","modified_gmt":"2026-02-27T18:52:47","slug":"curso-ingles-tecnico-para-tipulante-de-cabina-de-pasajeros","status":"publish","type":"product","link":"https:\/\/whiskybravo.com.ar\/index.php\/producto\/curso-ingles-tecnico-para-tipulante-de-cabina-de-pasajeros\/","title":{"rendered":"Curso ingles tecnico para Tipulante de Cabina de Pasajeros"},"content":{"rendered":"<p>Este curso est\u00e1 dise\u00f1ado para desarrollar las habilidades de comunicaci\u00f3n en ingl\u00e9s t\u00e9cnico necesarias para desempe\u00f1arte como tripulante de cabina. Aprender\u00e1s vocabulario especializado, frases y procedimientos clave utilizados en la industria a\u00e9rea, desde instrucciones de seguridad hasta atenci\u00f3n al pasajero en situaciones cotidianas y de emergencia. Ideal para quienes buscan destacarse en un entorno laboral internacional. \u00a1Prep\u00e1rate para volar con confianza y profesionalismo en cualquier parte del mundo!<\/p>\n","protected":false},"excerpt":{"rendered":"<p>\ud83d\udd38MODALIDAD:<br \/>\n\u2022 Online<br \/>\n\u2022 Un dia a la semana<br \/>\n\u2022 2 horas de duraci\u00f3n<\/p>\n<p>\ud83d\udd38D\u00cdAS Y HORARIOS:<\/p>\n<p>\u2022 Nivel inicial:<br \/>\nlunes de 19:00 a 21:00 hs.<br \/>\nInicio: 3 de Febrero 2025.<br \/>\nFinalizaci\u00f3n: 2 de Juni 2025.<\/p>\n<p>\u2022 Nivel intermedio:<br \/>\nJueves de 19:00 a 21:00 hs.<br \/>\nInicio: 6 de Febrero 2025.<br \/>\nFinalizaci\u00f3n: 15 de Mayo 2025.<\/p>\n<p>\u2022 Nivel Ingles para TCP:<br \/>\nMartes de 19:00 a 21:00 hs.<br \/>\nInicio: 4 de Febrero 2025.<br \/>\nFinalizaci\u00f3n: 3 de Junio 2025.<\/p>\n<p>\u26a0\ufe0f Importante: Test para que sepas el nivel de ingl\u00e9s que posees y de esa manera tener una herramienta m\u00e1s para decidir en qu\u00e9 curso anotarse para aprender el idioma de una forma progresiva.<\/p>\n<p><a href=\"https:\/\/whiskybravo.com.ar\/test-ingles\">Click aqui<\/a> para realizar el test.<\/p>\n<p>\ud83d\udd38 NIVELACI\u00d3N: Este test es gratuito, NO es obligatorio y no hace m\u00e1s que SUGERIRLES el curso a iniciar de acuerdo al siguiente detalle:<\/p>\n<p>&#8211; &#8220;Elementary English&#8221; si su nota es de 1 a 50 puntos.<br \/>\n&#8211; &#8220;Intermediate English&#8221; si su nota es de 51 a 70 puntos.<br \/>\n&#8211; &#8220;English for Cabin Crew&#8221; si su nota es superior a 71 puntos.<\/p>\n<p>&nbsp;<\/p>\n","protected":false},"featured_media":606,"comment_status":"open","ping_status":"closed","template":"","meta":[],"product_brand":[],"product_cat":[83,72],"product_tag":[],"class_list":{"0":"post-603","1":"product","2":"type-product","3":"status-publish","4":"has-post-thumbnail","6":"product_cat-ingles-tecnico","7":"product_cat-tripulantedecabinadepasajeros","9":"first","10":"outofstock","11":"product-type-variable"},"_links":{"self":[{"href":"https:\/\/whiskybravo.com.ar\/index.php\/wp-json\/wp\/v2\/product\/603","targetHints":{"allow":["GET"]}}],"collection":[{"href":"https:\/\/whiskybravo.com.ar\/index.php\/wp-json\/wp\/v2\/product"}],"about":[{"href":"https:\/\/whiskybravo.com.ar\/index.php\/wp-json\/wp\/v2\/types\/product"}],"replies":[{"embeddable":true,"href":"https:\/\/whiskybravo.com.ar\/index.php\/wp-json\/wp\/v2\/comments?post=603"}],"wp:featuredmedia":[{"embeddable":true,"href":"https:\/\/whiskybravo.com.ar\/index.php\/wp-json\/wp\/v2\/media\/606"}],"wp:attachment":[{"href":"https:\/\/whiskybravo.com.ar\/index.php\/wp-json\/wp\/v2\/media?parent=603"}],"wp:term":[{"taxonomy":"product_brand","embeddable":true,"href":"https:\/\/whiskybravo.com.ar\/index.php\/wp-json\/wp\/v2\/product_brand?post=603"},{"taxonomy":"product_cat","embeddable":true,"href":"https:\/\/whiskybravo.com.ar\/index.php\/wp-json\/wp\/v2\/product_cat?post=603"},{"taxonomy":"product_tag","embeddable":true,"href":"https:\/\/whiskybravo.com.ar\/index.php\/wp-json\/wp\/v2\/product_tag?post=603"}],"curies":[{"name":"wp","href":"https:\/\/api.w.org\/{rel}","templated":true}]}}