{"id":620,"date":"2025-01-16T21:08:03","date_gmt":"2025-01-17T00:08:03","guid":{"rendered":"https:\/\/whiskybravo.com.ar\/?post_type=product&#038;p=620"},"modified":"2026-02-27T15:52:22","modified_gmt":"2026-02-27T18:52:22","slug":"diplomatura-en-evacuacion-aeromedica","status":"publish","type":"product","link":"https:\/\/whiskybravo.com.ar\/index.php\/producto\/diplomatura-en-evacuacion-aeromedica\/","title":{"rendered":"Diplomatura en Evacuacion Aeromedica"},"content":{"rendered":"<p>Esta diplomatura te capacita para participar en operaciones de evacuaci\u00f3n y traslado de pacientes en entornos aerom\u00e9dicos. Aprender\u00e1s sobre protocolos de atenci\u00f3n m\u00e9dica en vuelo, manejo de emergencias, equipamiento especializado, y coordinaci\u00f3n entre equipos m\u00e9dicos y aeron\u00e1uticos.<\/p>\n","protected":false},"excerpt":{"rendered":"<p>DIPLOMATURA EN EVACUACI\u00d3N AEROM\u00c9DICA<\/p>\n<p>Este curso va dirigido a m\u00e9dicos\/as, enfermeros\/as y param\u00e9dicos\/as (no es requisito excluyente).<\/p>\n<p>\ud83d\udd38FECHAS:<br \/>\n\u2022\u2060 \u2060Inicio: 15 de Febrero de 2025.<br \/>\n\u2022\u2060 \u2060Finalizaci\u00f3n: 15 de Diciembre de 2025(estimativo).<br \/>\n\u2022\u2060 \u2060Duraci\u00f3n: 10 m\u00f3dulos, 9 meses(estimativo).<br \/>\n\u2022\u2060 \u2060100% Virtual y Asincr\u00f3nico.<\/p>\n<p>\ud83d\udd38REQUISITOS DE ADMISION:<br \/>\n\u2022\u2060 \u2060Fotocopia DNI<br \/>\n\u2022Diploma o constancia de cursado acad\u00e9mico<\/p>\n<p>\ud83d\udccdEstamos ubicados en el Fisherton Plaza Chic Mall, frente al Aeropuerto de Rosario, Santa Fe, Argentina. Edificio: \u201cOffice Two\u201d. 1er piso, oficinas 15 y 16. Horarios: de lunes a viernes de 11:00 a 19:00 hs.<\/p>\n<p>\ud83d\udd38CONTENIDO<br \/>\nModulo 1: Aeron\u00e1utica avi\u00f3n.<br \/>\nModulo 2: Aeron\u00e1utica helic\u00f3ptero.<br \/>\nModulo 3: Equipamiento aeron\u00e1utico.<br \/>\nModulo 4: Meteorolog\u00eda aplicada.<br \/>\nModulo 5: Medicina de traslado A\u00e9reo.<br \/>\nModulo 6: CRM FFHH.<br \/>\nModulo 7. Traslado por l\u00ednea aerocomerciales.<br \/>\nModulo 8: Supervivencia.<br \/>\nModulo 9: Busqueda y salvamento.<\/p>\n","protected":false},"featured_media":445,"comment_status":"open","ping_status":"closed","template":"","meta":[],"product_brand":[],"product_cat":[86],"product_tag":[],"class_list":{"0":"post-620","1":"product","2":"type-product","3":"status-publish","4":"has-post-thumbnail","6":"product_cat-evacuacion-aeromedica","8":"first","9":"outofstock","10":"product-type-variable"},"_links":{"self":[{"href":"https:\/\/whiskybravo.com.ar\/index.php\/wp-json\/wp\/v2\/product\/620","targetHints":{"allow":["GET"]}}],"collection":[{"href":"https:\/\/whiskybravo.com.ar\/index.php\/wp-json\/wp\/v2\/product"}],"about":[{"href":"https:\/\/whiskybravo.com.ar\/index.php\/wp-json\/wp\/v2\/types\/product"}],"replies":[{"embeddable":true,"href":"https:\/\/whiskybravo.com.ar\/index.php\/wp-json\/wp\/v2\/comments?post=620"}],"wp:featuredmedia":[{"embeddable":true,"href":"https:\/\/whiskybravo.com.ar\/index.php\/wp-json\/wp\/v2\/media\/445"}],"wp:attachment":[{"href":"https:\/\/whiskybravo.com.ar\/index.php\/wp-json\/wp\/v2\/media?parent=620"}],"wp:term":[{"taxonomy":"product_brand","embeddable":true,"href":"https:\/\/whiskybravo.com.ar\/index.php\/wp-json\/wp\/v2\/product_brand?post=620"},{"taxonomy":"product_cat","embeddable":true,"href":"https:\/\/whiskybravo.com.ar\/index.php\/wp-json\/wp\/v2\/product_cat?post=620"},{"taxonomy":"product_tag","embeddable":true,"href":"https:\/\/whiskybravo.com.ar\/index.php\/wp-json\/wp\/v2\/product_tag?post=620"}],"curies":[{"name":"wp","href":"https:\/\/api.w.org\/{rel}","templated":true}]}}